{"id":5450,"date":"2023-03-21T10:10:50","date_gmt":"2023-03-21T10:10:50","guid":{"rendered":"https:\/\/staging.cadelbosco.com\/?page_id=5450"},"modified":"2023-03-22T09:24:30","modified_gmt":"2023-03-22T09:24:30","slug":"schede-vini-per-degustazione","status":"publish","type":"page","link":"https:\/\/staging.cadelbosco.com\/it\/schede-vini-per-degustazione\/","title":{"rendered":"Schede vini per degustazione"},"content":{"rendered":"<div class=\"pagvini\">\n<p class=\"wineitem\"><a href=\"https:\/\/staging.cadelbosco.com\/wp-content\/uploads\/2023\/03\/Chardonnay-2011_ITA.pdf\" target=\"_blank\" rel=\"noopener\"><img loading=\"lazy\" decoding=\"async\" style=\"width: 100px;\" src=\"https:\/\/staging.cadelbosco.com\/wp-content\/uploads\/2023\/03\/Chardonnay2011-99x300.jpg\" alt=\"\" width=\"99\" height=\"300\" \/>Chardonnay 2011<\/a><\/p>\n<p class=\"wineitem\"><a href=\"https:\/\/staging.cadelbosco.com\/wp-content\/uploads\/2023\/03\/Chardonnay-2015_ITA.pdf\" target=\"_blank\" rel=\"noopener\"><img loading=\"lazy\" decoding=\"async\" class=\"alignnone size-full wp-image-5453\" style=\"width: 100px;\" src=\"https:\/\/staging.cadelbosco.com\/wp-content\/uploads\/2023\/03\/Chardonnay2015.jpg\" alt=\"\" width=\"100\" height=\"286\" \/>Chardonnay 2015<\/a><\/p>\n<p class=\"wineitem\"><a href=\"https:\/\/staging.cadelbosco.com\/wp-content\/uploads\/2023\/03\/Chardonnay-2018_ITA.pdf\" target=\"_blank\" rel=\"noopener\"><img loading=\"lazy\" decoding=\"async\" class=\"alignnone size-full wp-image-5455\" style=\"width: 100px;\" src=\"https:\/\/staging.cadelbosco.com\/wp-content\/uploads\/2023\/03\/Chardonnay2018.jpg\" alt=\"\" width=\"100\" height=\"288\" \/>Chardonnay 2018<\/a><\/p>\n<p class=\"wineitem\"><a href=\"https:\/\/staging.cadelbosco.com\/wp-content\/uploads\/2023\/03\/Maurizio-Zanella-2007_ITA.pdf\" target=\"_blank\" rel=\"noopener\"><img loading=\"lazy\" decoding=\"async\" class=\"alignnone size-full wp-image-5459\" style=\"width: 100px;\" src=\"https:\/\/staging.cadelbosco.com\/wp-content\/uploads\/2023\/03\/MaurizioZanella2017.jpg\" alt=\"\" width=\"100\" height=\"247\" \/>Maurizio Zanella 2007<\/a><\/p>\n<p class=\"wineitem\"><a href=\"https:\/\/staging.cadelbosco.com\/wp-content\/uploads\/2023\/03\/Maurizio-Zanella-2009_ITA.pdf\" target=\"_blank\" rel=\"noopener\"><img loading=\"lazy\" decoding=\"async\" class=\"alignnone size-medium wp-image-5457\" style=\"width: 100px;\" src=\"https:\/\/staging.cadelbosco.com\/wp-content\/uploads\/2023\/03\/MaurizioZanella2009-98x300.jpg\" alt=\"\" width=\"98\" height=\"300\" srcset=\"https:\/\/staging.cadelbosco.com\/wp-content\/uploads\/2023\/03\/MaurizioZanella2009-98x300.jpg 98w, https:\/\/staging.cadelbosco.com\/wp-content\/uploads\/2023\/03\/MaurizioZanella2009.jpg 100w\" sizes=\"auto, (max-width: 98px) 100vw, 98px\" \/>Maurizio Zanella 2009<\/a><\/p>\n<p class=\"wineitem\"><a href=\"https:\/\/staging.cadelbosco.com\/wp-content\/uploads\/2023\/03\/Maurizio-Zanella-2009_ITA.pdf\" target=\"_blank\" rel=\"noopener\"><img loading=\"lazy\" decoding=\"async\" class=\"alignnone size-medium wp-image-5461\" style=\"width: 100px;\" src=\"https:\/\/staging.cadelbosco.com\/wp-content\/uploads\/2023\/03\/MaurizioZanella2019-93x300.jpg\" alt=\"\" width=\"93\" height=\"300\" srcset=\"https:\/\/staging.cadelbosco.com\/wp-content\/uploads\/2023\/03\/MaurizioZanella2019-93x300.jpg 93w, https:\/\/staging.cadelbosco.com\/wp-content\/uploads\/2023\/03\/MaurizioZanella2019.jpg 100w\" sizes=\"auto, (max-width: 93px) 100vw, 93px\" \/>Maurizio Zanella 2019<\/a><\/p>\n<p class=\"wineitem\"><a href=\"https:\/\/staging.cadelbosco.com\/wp-content\/uploads\/2023\/03\/Pin\u00e9ro-2011_ITA.pdf\" target=\"_blank\" rel=\"noopener\"><img loading=\"lazy\" decoding=\"async\" class=\"alignnone size-full wp-image-5463\" style=\"width: 100px;\" src=\"https:\/\/staging.cadelbosco.com\/wp-content\/uploads\/2023\/03\/Pinero2011.jpg\" alt=\"\" width=\"100\" height=\"280\" \/>Pin\u00e9ro 2011<\/a><\/p>\n<p class=\"wineitem\"><a href=\"https:\/\/staging.cadelbosco.com\/wp-content\/uploads\/2023\/03\/Pin\u00e9ro-2015_ITA.pdf\" target=\"_blank\" rel=\"noopener\"><img loading=\"lazy\" decoding=\"async\" class=\"alignnone size-full wp-image-5465\" style=\"width: 100px;\" src=\"https:\/\/staging.cadelbosco.com\/wp-content\/uploads\/2023\/03\/Pinero2015.jpg\" alt=\"\" width=\"100\" height=\"294\" \/>Pin\u00e9ro 2015<\/a><\/p>\n<p class=\"wineitem\"><a href=\"https:\/\/staging.cadelbosco.com\/wp-content\/uploads\/2023\/03\/Pin\u00e9ro-2018_ITA.pdf\" target=\"_blank\" rel=\"noopener\"><img loading=\"lazy\" decoding=\"async\" class=\"alignnone size-medium wp-image-5467\" style=\"width: 100px;\" src=\"https:\/\/staging.cadelbosco.com\/wp-content\/uploads\/2023\/03\/Pinero2018-95x300.jpg\" alt=\"\" width=\"95\" height=\"300\" srcset=\"https:\/\/staging.cadelbosco.com\/wp-content\/uploads\/2023\/03\/Pinero2018-95x300.jpg 95w, https:\/\/staging.cadelbosco.com\/wp-content\/uploads\/2023\/03\/Pinero2018.jpg 100w\" sizes=\"auto, (max-width: 95px) 100vw, 95px\" \/>Pin\u00e9ro 2018<\/a><\/p>\n<\/div>\n","protected":false},"excerpt":{"rendered":"<p>Chardonnay 2011 Chardonnay 2015 Chardonnay 2018 Maurizio Zanella 2007 Maurizio Zanella 2009 Maurizio Zanella 2019 Pin\u00e9ro 2011 Pin\u00e9ro 2015 Pin\u00e9ro 2018<\/p>\n","protected":false},"author":1,"featured_media":0,"parent":0,"menu_order":0,"comment_status":"closed","ping_status":"closed","template":"page-simple-content.php","meta":{"_acf_changed":false,"footnotes":""},"class_list":["post-5450","page","type-page","status-publish","hentry"],"acf":[],"_links":{"self":[{"href":"https:\/\/staging.cadelbosco.com\/it\/wp-json\/wp\/v2\/pages\/5450","targetHints":{"allow":["GET"]}}],"collection":[{"href":"https:\/\/staging.cadelbosco.com\/it\/wp-json\/wp\/v2\/pages"}],"about":[{"href":"https:\/\/staging.cadelbosco.com\/it\/wp-json\/wp\/v2\/types\/page"}],"author":[{"embeddable":true,"href":"https:\/\/staging.cadelbosco.com\/it\/wp-json\/wp\/v2\/users\/1"}],"replies":[{"embeddable":true,"href":"https:\/\/staging.cadelbosco.com\/it\/wp-json\/wp\/v2\/comments?post=5450"}],"version-history":[{"count":15,"href":"https:\/\/staging.cadelbosco.com\/it\/wp-json\/wp\/v2\/pages\/5450\/revisions"}],"predecessor-version":[{"id":5514,"href":"https:\/\/staging.cadelbosco.com\/it\/wp-json\/wp\/v2\/pages\/5450\/revisions\/5514"}],"wp:attachment":[{"href":"https:\/\/staging.cadelbosco.com\/it\/wp-json\/wp\/v2\/media?parent=5450"}],"curies":[{"name":"wp","href":"https:\/\/api.w.org\/{rel}","templated":true}]}}